{"id":3,"date":"2022-01-18T00:16:36","date_gmt":"2022-01-17T23:16:36","guid":{"rendered":"https:\/\/gifted-project.com\/?page_id=3"},"modified":"2022-09-30T14:40:32","modified_gmt":"2022-09-30T12:40:32","slug":"privacy-policy","status":"publish","type":"page","link":"https:\/\/devgrifo.gifted-project.com\/it\/privacy-policy\/","title":{"rendered":"Privacy policy"},"content":{"rendered":"<p>&nbsp;<\/p>\n<p><strong>INFORMATIVA PER IL TRATTAMENTO DEI DATI PERSONALI <\/strong><\/p>\n<p>Titolare del trattamento dei dati personali \u00e8 Noah Srl, via Enrica Malcovati 2, 27100 Pavia, P.IVA: 02733540187 email: <a href=\"mailto:admin@noahealth.it\">admin@noahealth.it<\/a>. Il responsabile del trattamento per la gestione della piattaforma Gifted \u00e8 Grifo Multimedia S.r.l. con sede legale in Via G. Galilei, 15 \u2013 70037 Ruvo di Puglia (BA), email: <a href=\"mailto:comunicazione@grifomultimedia.it\">comunicazione@grifomultimedia.it<\/a>.<\/p>\n<p>&nbsp;<\/p>\n<p><strong>FINALIT\u00c0 E BASE GIURIDICA DEL TRATTAMENTO<\/strong><\/p>\n<p>I dati personali sono trattati per le seguenti finalit\u00e0:<\/p>\n<ul>\n<li>Iscrizione e utilizzo della piattaforma Gifted. La base giuridica del trattamento \u00e8 l\u2019esecuzione del contratto di cui l\u2019interessato \u00e8 parte ai sensi dell\u2019articolo 6, paragrafo 1, lett. b), del Regolamento UE 679\/2016;<\/li>\n<li>Rilevare l\u2019esperienza d&#8217;uso delle piattaforme e dei servizi offerti in modo da assicurare il corretto funzionamento delle pagine web e dei loro contenuti. La base giuridica del trattamento \u00e8 il perseguimento del legittimo interesse del titolare del trattamento ai sensi dell\u2019articolo 6, paragrafo 1, lettera f), del Regolamento UE 679\/2016;<\/li>\n<li>Inviare eventuali newsletter relative ai servizi, eventi e news attinenti alle attivit\u00e0 promosse da Gifted. La base giuridica del trattamento \u00e8 l\u2019espresso consenso rilasciato dall\u2019interessato ai sensi dell\u2019articolo 6, paragrafo 1, lett. a), del Regolamento UE 679\/2016. L\u2019interessato in qualsiasi momento, avr\u00e0 la possibilit\u00e0 di opporsi all\u2019invio di tali comunicazioni.<\/li>\n<\/ul>\n<p>&nbsp;<\/p>\n<p><strong>DESTINATARI DEI DATI<\/strong><\/p>\n<p>Per il perseguimento delle finalit\u00e0 descritte, il Titolare si riserva la facolt\u00e0 di comunicare i dati a terzi nel caso in cui ci\u00f2 sia previsto dal diritto nazionale o dell\u2019Unione europea, a titolo esemplificativo:<\/p>\n<ul>\n<li>I responsabili del trattamento (tra cui Grifo Multimedia S.r.l per la gestione della piattaforma Gifted);<\/li>\n<li>Autorit\u00e0 di controllo e, in generale, soggetti pubblici o privati, con funzioni di rilievo pubblicistico;<\/li>\n<li>Studi professionali o societ\u00e0 nell\u2019ambito di rapporti di assistenza e consulenza;<\/li>\n<li>Soggetti che svolgono adempimenti di controllo, revisione e certificazione delle attivit\u00e0 poste in essere dal Titolare.<\/li>\n<\/ul>\n<p>I dati personali forniti dall&#8217;interessato non saranno oggetto di diffusione.<\/p>\n<p>&nbsp;<\/p>\n<p><strong>TERMINE DI CONSERVAZIONE DEI DATI <\/strong><\/p>\n<p>I dati personali saranno conservati per il periodo di tempo necessario al conseguimento delle finalit\u00e0 per le quali sono raccolti e trattati o finch\u00e9 non ne verr\u00e0 chiesta l\u2019eliminazione.<\/p>\n<p>I dati forniti dall\u2019interessato e relativi alla finalit\u00e0 contrattuale, saranno trattati per tutta la durata del rapporto contrattuale in essere e ulteriormente conservati esclusivamente per il periodo previsto per l&#8217;adempimento di obblighi di legge, sempre che non risulti necessario conservarli ulteriormente\u00a0per accertare, esercitare o difendere un diritto in sede giudiziaria.<\/p>\n<p>I dati relativi alle comunicazioni commerciali saranno conservati per un periodo non superiore a 24 mesi\u00a0dalla loro registrazione.<\/p>\n<p>&nbsp;<\/p>\n<p><strong>DIRITTI DELL\u2019INTERESSATO<\/strong><\/p>\n<p>L\u2019interessato ha diritto di revocare in qualsiasi momento il consenso eventualmente prestato, senza pregiudicare la liceit\u00e0 del trattamento basata sul consenso prestato prima della revoca, di accedere ai dati personali, di ottenerne la rettifica o la cancellazione, la limitazione del trattamento dei dati personali che lo riguardano, di opporsi al trattamento, di proporre reclamo al Garante per la protezione dei dati personali. Al fine di esercitare tali diritti, come previsti dal Regolamento di riferimento, l\u2019interessato pu\u00f2 scrivere al seguente indirizzo email: <a href=\"mailto:info@gifted-project.com\">info@gifted-project.com<\/a>.<\/p>\n<p>&nbsp;<\/p>\n<p><strong>INFORMATIVA SULL\u2019 USO DEI COOKIE<\/strong><\/p>\n<p>Ai visitatori del sito potranno essere inviati alcuni file di dimensioni molto contenute detti &#8220;cookie&#8221;, per permettere la corretta interazione con le funzionalit\u00e0 del sito. L\u2019uso dei cosiddetti \u201ccookies\u201d \u00e8 uno standard del settore, necessario al corretto funzionamento del sito e del miglioramento dello stesso. I \u201ccookies\u201d vengono memorizzati sul computer dell\u2019utente e non su questo Sito. Durante l&#8217;utilizzo del sito, l&#8217;utente potrebbe ricevere cookie inviati da terze parti.<\/p>\n<p>I cookie utilizzati su questo sito, verranno utilizzati per gestire le seguenti funzionalit\u00e0:<\/p>\n<ul>\n<li>memorizzare le preferenze inserite<\/li>\n<li>analizzare l\u2019utilizzo dei servizi forniti per ottimizzarne l\u2019esperienza di navigazione<\/li>\n<li>garantire la sicurezza ed integrit\u00e0 del sito<\/li>\n<\/ul>\n<p>&nbsp;<\/p>\n<p><strong>Caratteristiche e finalit\u00e0 dei cookie <\/strong><\/p>\n<ul>\n<li>Cookie tecnici: sono necessari al corretto funzionamento del sito. Possono essere forniti da questo dominio o da terze parti per funzioni di integrazione con social network e similari.<\/li>\n<li>Cookie analitici: vengono utilizzati per la creazione di statistiche anonime, monitoraggio del corretto funzionamento del sito e miglioramento dello stesso. Questi tipi di cookie potrebbero essere forniti da questo dominio ovvero da terze parti.<\/li>\n<\/ul>\n<p>&nbsp;<\/p>\n<p><strong>Tempi di conservazione dei dati<\/strong><\/p>\n<p>I dati relativi ai cookie tecnici ed analitici saranno conservati per un periodo pari a 14 mesi.<\/p>\n<p><strong>Disabilitazione cookies <\/strong><\/p>\n<p>L&#8217;utente pu\u00f2 decidere di disattivare la ricezione di cookie andando a modificare le impostazioni del proprio browser, si ricorda per\u00f2 che questa operazione potrebbe portare al malfunzionamento dei servizi offerti da questo sito. Si consiglia alternativamente di attivare la funzionalit\u00e0 &#8220;do not track&#8221; o &#8220;navigazione in incognito&#8221; o &#8220;navigazione anonima&#8221; sul proprio browser. Di seguito si riportano i link alle istruzioni per la disattivazione dei cookie per i pi\u00f9 diffusi browser:<\/p>\n<p>&nbsp;<\/p>\n<ul>\n<li>Microsoft Internet Explorer (Link: http:\/\/windows.microsoft.com\/it-it\/windows7\/block-enable-or-allow-cookies)<\/li>\n<li>Google Chrome (https:\/\/support.google.com\/accounts\/answer\/61416?hl=it)<\/li>\n<li>Mozilla Firefox (Mozilla Firefox)<\/li>\n<li>Apple Safari(https:\/\/support.apple.com\/kb\/PH19214?locale=it_IT)<\/li>\n<li>Opera (http:\/\/help.opera.com\/Windows\/10.00\/it\/cookies.html)<\/li>\n<\/ul>\n<p>&nbsp;<\/p>\n<p>&nbsp;<\/p>","protected":false},"excerpt":{"rendered":"<p>&nbsp; INFORMATIVA PER IL TRATTAMENTO DEI DATI PERSONALI Titolare del trattamento dei dati personali \u00e8 Noah Srl, via Enrica Malcovati 2, 27100 Pavia, P.IVA: 02733540187 email: admin@noahealth.it. Il responsabile del trattamento per la gestione della piattaforma Gifted \u00e8 Grifo Multimedia S.r.l. con sede legale in Via G. Galilei, 15 \u2013 70037 Ruvo di Puglia (BA), [&hellip;]<\/p>\n","protected":false},"author":1,"featured_media":0,"parent":0,"menu_order":0,"comment_status":"closed","ping_status":"open","template":"","meta":[],"acf":[],"_links":{"self":[{"href":"https:\/\/devgrifo.gifted-project.com\/it\/wp-json\/wp\/v2\/pages\/3"}],"collection":[{"href":"https:\/\/devgrifo.gifted-project.com\/it\/wp-json\/wp\/v2\/pages"}],"about":[{"href":"https:\/\/devgrifo.gifted-project.com\/it\/wp-json\/wp\/v2\/types\/page"}],"author":[{"embeddable":true,"href":"https:\/\/devgrifo.gifted-project.com\/it\/wp-json\/wp\/v2\/users\/1"}],"replies":[{"embeddable":true,"href":"https:\/\/devgrifo.gifted-project.com\/it\/wp-json\/wp\/v2\/comments?post=3"}],"version-history":[{"count":17,"href":"https:\/\/devgrifo.gifted-project.com\/it\/wp-json\/wp\/v2\/pages\/3\/revisions"}],"predecessor-version":[{"id":466,"href":"https:\/\/devgrifo.gifted-project.com\/it\/wp-json\/wp\/v2\/pages\/3\/revisions\/466"}],"wp:attachment":[{"href":"https:\/\/devgrifo.gifted-project.com\/it\/wp-json\/wp\/v2\/media?parent=3"}],"curies":[{"name":"wp","href":"https:\/\/api.w.org\/{rel}","templated":true}]}}