{"id":3,"date":"2022-01-18T00:16:36","date_gmt":"2022-01-17T23:16:36","guid":{"rendered":"https:\/\/gifted-project.com\/?page_id=3"},"modified":"2022-09-30T14:40:32","modified_gmt":"2022-09-30T12:40:32","slug":"privacy-policy","status":"publish","type":"page","link":"https:\/\/devgrifo.gifted-project.com\/ro\/privacy-policy\/","title":{"rendered":"Privacy policy"},"content":{"rendered":"<p>&nbsp;<\/p>\n<p><strong>INFORMA\u021aII PENTRU PRELUCRAREA DATELOR PERSONALE<\/strong><\/p>\n<p>Responsabilul pentru procesarea datelor personale este Noah Srl, prin Enrica Malcovati 2, Pavia, num\u0103r VAT: 02733540187 email: <a href=\"mailto:admin@noahealth.it\">admin@noahealth.it<\/a>. Operatorul de date pentru gestionarea platformei Gifted este Grifo Multimedia S.r.l. cu sediul social in Via G. Galilei, 15 \u2013 70037 Ruvo di Puglia (BA), email: <a href=\"mailto:comunicazione@grifomultimedia.it\">comunicazione@grifomultimedia.it<\/a>.<\/p>\n<p>&nbsp;<\/p>\n<p><strong>SCOPUL \u015eI TEMEIUL JURIDIC AL PRELUCR\u0102RII<\/strong><\/p>\n<p>Datele personale sunt procesate cu scopurile urm\u0103toare:<\/p>\n<ul>\n<li>\u00cenregistrarea \u0219i utilizarea platformei Gifted. Temeiul legal al proces\u0103rii este executarea din contractul la care partea interesat\u0103 este parte \u00een conformitate cu articolul 6 alin. 1 lit. b) al Regulamentul UE 679\/2016;<\/li>\n<li>Detectarea experien\u021belor de utilizare a platformelor \u0219i a serviciilor oferite pentru a asigura buna func\u021bionare a paginilor web \u0219i a con\u021binutului acestora. Temeiul legal al prelucr\u0103rii este urm\u0103rirea interesului legitim al operatorului de date din cadrul articolului 6, alin.1, lit. f) din Regulamentul UE 679\/2016;<\/li>\n<li>Trimiterea buletinelor informative legate de servicii, evenimente \u0219i \u0219tiri legate de activit\u0103\u021bi promovate de Gifted. Temeiul legal al prelucr\u0103rii este consim\u021b\u0103m\u00e2ntul expres dat de c\u0103tre persoana interesat\u0103 \u00een baza art. 6, alin. 1, lit. a), din Regulamentul UE 679\/2016. Partea interesat\u0103 va avea posibilitatea \u00een orice moment s\u0103 refuze astfel de comunic\u0103ri.<\/li>\n<\/ul>\n<p>&nbsp;<\/p>\n<p><strong>DESTINATARII DATELOR<\/strong><\/p>\n<p>Pentru \u00eendeplinirea scopurilor descrise, operatorul de date \u00ee\u0219i rezerv\u0103 dreptul de a comunica datele unor ter\u021bi \u00een cazul \u00een care acest lucru este prev\u0103zut de legisla\u021bia na\u021bional\u0103 sau a Uniunii Europene, spre exemplu:<\/p>\n<ul>\n<li>Procesatorii de date (inclusiv Grifo Multimedia S.r.l pentru gestionarea platformei Gifted);<\/li>\n<li>Autorit\u0103\u021bile de supraveghere \u0219i \u00een general, entit\u0103\u021bile publice sau private, cu func\u021bii de importan\u021b\u0103 public\u0103;<\/li>\n<li>Firme sau companii profesionale pentru rela\u021bii de asisten\u021b\u0103 \u0219i consultan\u021b\u0103<\/li>\n<li>Subiec\u021bii care efectueaz\u0103 controlul, revizuirea \u0219i certificarea activit\u0103\u021bilor desf\u0103\u0219urate de operatorul de date.<\/li>\n<\/ul>\n<p>Datele cu caracter personal furnizate de c\u0103tre persoana interesat\u0103 nu vor fi diseminate.<\/p>\n<p>&nbsp;<\/p>\n<p><strong>PERIOADA DE P\u0102STRARE A DATELOR<\/strong><\/p>\n<p>Datele cu caracter personal vor fi p\u0103strate pe perioada de timp necesar\u0103 realiz\u0103rii scopurilor pentru care sunt colectate \u0219i prelucrate sau p\u00e2n\u0103 c\u00e2nd se solicit\u0103 eliminarea lor.<\/p>\n<p>Datele furnizate de c\u0103tre persoana interesat\u0103 \u0219i cele referitoare la scopul contractului, vor fi prelucrate pe toat\u0103 durata rela\u021biei contractuale \u0219i stocate \u00een continuare exclusiv pe perioada prev\u0103zut\u0103 pentru \u00eendeplinirea obliga\u021biilor legale, cu condi\u021bia s\u0103 nu fie necesar\u0103 p\u0103strarea acestora \u00een continuare pentru constatarea, exercitarea sau ap\u0103rarea unui drept \u00een instan\u021b\u0103.<\/p>\n<p>Datele referitoare la comunic\u0103rile comerciale vor fi p\u0103strate pe o perioad\u0103 care nu dep\u0103\u0219e\u0219te 24 de luni de la \u00eenregistrarea acestora.<\/p>\n<p>&nbsp;<\/p>\n<p><strong>DREPTURILE P\u0102R\u021aII INTERESATE<\/strong><strong>\u00a0<\/strong><\/p>\n<p>Persoana interesat\u0103 are dreptul de a revoca \u00een orice moment consim\u021b\u0103m\u00e2ntul dat, f\u0103r\u0103 a prejudicia legalitatea prelucr\u0103rii bazate pe consim\u021b\u0103m\u00e2ntul dat \u00eenainte de revocare, s\u0103 acceseze datele cu caracter personal, s\u0103 ob\u021bin\u0103 corectarea sau anularea acestora, s\u0103 limiteze prelucrarea datelor cu caracter personal care \u00eel privesc, s\u0103 se opun\u0103 proces\u0103rii, s\u0103 depun\u0103 o pl\u00e2ngere la garantul pentru protec\u021bia datelor cu caracter personal. Pentru exercitarea acestor drepturi, dup\u0103 cum sunt prev\u0103zute de Regulamentele de referin\u021b\u0103, persoana interesat\u0103 poate scrie la urm\u0103toarea adres\u0103 de email: <a href=\"mailto:info@gifted-project.com\">info@gifted-project.com<\/a>.<\/p>\n<p>&nbsp;<\/p>\n<p><strong>INFORMA\u021aII DESPRE UTILIZAREA COOKIE-URILOR<\/strong><\/p>\n<p>Vizitatorilor site-ului li se pot trimite ni\u0219te fi\u0219iere foarte mici numite \u201ecookies\u201d pentru a permite interac\u021biunea corect\u0103 cu func\u021bionalitatea site-ului. Utilizarea a\u0219a-numitelor \u201ecookie\u201d este un standard industrial, necesar pentru buna func\u021bionare a site-ului \u0219i \u00eembun\u0103t\u0103\u021birea acestuia. \u201eCookie-urile\u201d sunt stocate pe computerul utilizatorului \u0219i nu pe acest site. \u00cen timpul utiliz\u0103rii site-ului, utilizatorul poate primi cookie-uri trimise de ter\u021bi. Cookie-urile utilizate pe acest site vor fi folosite pentru a gestiona urm\u0103toarele caracteristici:<\/p>\n<ul>\n<li>memorarea preferin\u021belor introduse<\/li>\n<li>analizarea utiliz\u0103rii serviciilor oferite pentru a optimiza experien\u021ba de navigare<\/li>\n<li>garantarea securit\u0103\u021bii \u0219i integrit\u0103\u021bii site-ului<\/li>\n<\/ul>\n<p>&nbsp;<\/p>\n<p><strong>Caracteristicile \u0219i scopurile cookie-urilor<\/strong><\/p>\n<ul>\n<li>Cookie-uri tehnice: sunt necesare pentru buna func\u021bionare a site-ului. Ele pot fi furnizate de acest domeniu sau de ter\u021bi pentru func\u021bii de integrare cu re\u021belele sociale \u0219i altele similare.<\/li>\n<li>Cookie-uri analitice: sunt folosite pentru realizarea de statistici anonime, monitorizarea func\u021bionarii corecte a site-ului \u0219i \u00eembun\u0103t\u0103\u021birea acestuia. Aceste tipuri de cookie-uri pot fi furnizate de acest domeniu sau de ter\u021bi.<\/li>\n<\/ul>\n<p>&nbsp;<\/p>\n<p><strong>Timpi de p\u0103strare a datelor<\/strong><\/p>\n<p>Datele referitoare la cookie-urile tehnice \u0219i analitice vor fi p\u0103strate pe o perioad\u0103 de 14 luni.<\/p>\n<p>&nbsp;<\/p>\n<p><strong>Dezactivarea cookie-urilor <\/strong><\/p>\n<p>Utilizatorul poate decide s\u0103 dezactiveze primirea cookie-urilor prin modificarea set\u0103rilor browserului s\u0103u, \u00eens\u0103 v\u0103 rug\u0103m s\u0103 re\u021bine\u021bi c\u0103 aceast\u0103 opera\u021biune ar putea duce la func\u021bionarea defectuoas\u0103 a serviciilor oferite de acest site. \u00cen mod alternativ, v\u0103 recomand\u0103m s\u0103 activa\u021bi func\u021bia \u201enu urm\u0103ri\u021bi\u201d sau \u201enavigare incognito\u201d sau \u201enavigare anonim\u0103\u201d \u00een browser. Mai jos sunt link-urile c\u0103tre instruc\u021biunile pentru dezactivarea cookie-urilor pentru cele mai populare browsere:<\/p>\n<ul>\n<li>Microsoft Internet Explorer (Link: http:\/\/windows.microsoft.com\/it-it\/windows7\/block-enable-or-allow-cookies)<\/li>\n<li>Google Chrome (https:\/\/support.google.com\/accounts\/answer\/61416?hl=it)<\/li>\n<li>Mozilla Firefox (Mozilla Firefox)<\/li>\n<li>Apple Safari(https:\/\/support.apple.com\/kb\/PH19214?locale=it_IT)<\/li>\n<li>Opera (http:\/\/help.opera.com\/Windows\/10.00\/it\/cookies.html)<\/li>\n<\/ul>\n<p>&nbsp;<\/p>\n<p>&nbsp;<\/p>","protected":false},"excerpt":{"rendered":"<p>&nbsp; INFORMA\u021aII PENTRU PRELUCRAREA DATELOR PERSONALE Responsabilul pentru procesarea datelor personale este Noah Srl, prin Enrica Malcovati 2, Pavia, num\u0103r VAT: 02733540187 email: admin@noahealth.it. Operatorul de date pentru gestionarea platformei Gifted este Grifo Multimedia S.r.l. cu sediul social in Via G. Galilei, 15 \u2013 70037 Ruvo di Puglia (BA), email: comunicazione@grifomultimedia.it. &nbsp; SCOPUL \u015eI TEMEIUL [&hellip;]<\/p>\n","protected":false},"author":1,"featured_media":0,"parent":0,"menu_order":0,"comment_status":"closed","ping_status":"open","template":"","meta":[],"acf":[],"_links":{"self":[{"href":"https:\/\/devgrifo.gifted-project.com\/ro\/wp-json\/wp\/v2\/pages\/3"}],"collection":[{"href":"https:\/\/devgrifo.gifted-project.com\/ro\/wp-json\/wp\/v2\/pages"}],"about":[{"href":"https:\/\/devgrifo.gifted-project.com\/ro\/wp-json\/wp\/v2\/types\/page"}],"author":[{"embeddable":true,"href":"https:\/\/devgrifo.gifted-project.com\/ro\/wp-json\/wp\/v2\/users\/1"}],"replies":[{"embeddable":true,"href":"https:\/\/devgrifo.gifted-project.com\/ro\/wp-json\/wp\/v2\/comments?post=3"}],"version-history":[{"count":17,"href":"https:\/\/devgrifo.gifted-project.com\/ro\/wp-json\/wp\/v2\/pages\/3\/revisions"}],"predecessor-version":[{"id":466,"href":"https:\/\/devgrifo.gifted-project.com\/ro\/wp-json\/wp\/v2\/pages\/3\/revisions\/466"}],"wp:attachment":[{"href":"https:\/\/devgrifo.gifted-project.com\/ro\/wp-json\/wp\/v2\/media?parent=3"}],"curies":[{"name":"wp","href":"https:\/\/api.w.org\/{rel}","templated":true}]}}